{"id":450,"date":"2025-02-22T17:14:19","date_gmt":"2025-02-22T16:14:19","guid":{"rendered":"https:\/\/gep-valence.fr\/?page_id=450"},"modified":"2025-04-03T15:09:43","modified_gmt":"2025-04-03T13:09:43","slug":"campagne-des-municipales-2026-a-valence","status":"publish","type":"page","link":"https:\/\/gep-valence.fr\/?page_id=450","title":{"rendered":"Campagne des Municipales 2026 \u00e0 Valence"},"content":{"rendered":"\n<p><strong>Avec vos \u00e9lus Jimmy Levacher, Malika Kara-Laouar, Jean-Fran\u00e7ois Galland et St\u00e9phane Magnin<\/strong><\/p>\n\n\n\n<figure class=\"wp-block-image size-full\"><img loading=\"lazy\" decoding=\"async\" width=\"794\" height=\"535\" src=\"https:\/\/gep-valence.fr\/wp-content\/uploads\/2025\/04\/Image-groupe.png\" alt=\"\" class=\"wp-image-650\" srcset=\"https:\/\/gep-valence.fr\/wp-content\/uploads\/2025\/04\/Image-groupe.png 794w, https:\/\/gep-valence.fr\/wp-content\/uploads\/2025\/04\/Image-groupe-300x202.png 300w, https:\/\/gep-valence.fr\/wp-content\/uploads\/2025\/04\/Image-groupe-768x517.png 768w, https:\/\/gep-valence.fr\/wp-content\/uploads\/2025\/04\/Image-groupe-359x242.png 359w\" sizes=\"auto, (max-width: 794px) 100vw, 794px\" \/><\/figure>\n\n\n\n<p class=\"has-text-align-center has-large-font-size\"><strong>Union de la Gauche Ecologiste et Populaire  et de la France Insoumise<\/strong><\/p>\n\n\n\n<p class=\"has-text-align-center has-large-font-size\">Ensemble faisons bouger Valence pour une politique \u00e0 la hauteur de ses habitants.<br><br>Pour l&rsquo;avenir de notre ville, nous proposons une vision diff\u00e9rente, fond\u00e9e sur l&rsquo;unit\u00e9 et le vivre-ensemble. Notre projet municipal s&rsquo;appuie sur des valeurs fortes : la fiert\u00e9, la solidarit\u00e9 et la richesse de notre diversit\u00e9.<\/p>\n\n\n\n<p class=\"has-text-align-center\">Alors que certains responsables politiques, comme M. Daragon et son parti Les R\u00e9publicains, adoptent des positions de plus en plus clivantes &#8211; avec la suppression d&rsquo;aides sociales et des discours stigmatisants &#8211; nous croyons en une ville qui rassemble plut\u00f4t qu&rsquo;elle ne divise.<\/p>\n\n\n\n<p class=\"has-text-align-center\">Construisons ensemble un projet ambitieux qui :<br>Valorise la diversit\u00e9<br>Favorise le dialogue<br>D\u00e9veloppe des initiatives communes<br>Renforce la coh\u00e9sion sociale<\/p>\n\n\n\n<p class=\"has-text-align-center\"><strong>REJOIGNEZ-NOUS<\/strong> pour faire vivre ces valeurs et b\u00e2tir l&rsquo;avenir de notre ville.<\/p>\n\n\n\n<div class=\"forminator-guttenberg\"><form id=\"forminator-module-449\" class=\"forminator-custom-form forminator-custom-form-449\" method=\"post\" data-forminator-render=\"0\" data-uid=\"69ddf6907db1c\"><div role=\"alert\" aria-live=\"polite\" class=\"forminator-response-message forminator-error\" aria-hidden=\"true\"><\/div><\/form><\/div>\n\n\n\n<p><\/p>\n","protected":false},"excerpt":{"rendered":"<p>Avec vos \u00e9lus Jimmy Levacher, Malika Kara-Laouar, Jean-Fran\u00e7ois Galland et St\u00e9phane Magnin Union de la Gauche Ecologiste et Populaire et de la France Insoumise Ensemble &hellip;<\/p>\n","protected":false},"author":1,"featured_media":395,"parent":0,"menu_order":0,"comment_status":"closed","ping_status":"closed","template":"","meta":{"iawp_total_views":971,"footnotes":""},"class_list":["post-450","page","type-page","status-publish","has-post-thumbnail","hentry"],"_links":{"self":[{"href":"https:\/\/gep-valence.fr\/index.php?rest_route=\/wp\/v2\/pages\/450","targetHints":{"allow":["GET"]}}],"collection":[{"href":"https:\/\/gep-valence.fr\/index.php?rest_route=\/wp\/v2\/pages"}],"about":[{"href":"https:\/\/gep-valence.fr\/index.php?rest_route=\/wp\/v2\/types\/page"}],"author":[{"embeddable":true,"href":"https:\/\/gep-valence.fr\/index.php?rest_route=\/wp\/v2\/users\/1"}],"replies":[{"embeddable":true,"href":"https:\/\/gep-valence.fr\/index.php?rest_route=%2Fwp%2Fv2%2Fcomments&post=450"}],"version-history":[{"count":15,"href":"https:\/\/gep-valence.fr\/index.php?rest_route=\/wp\/v2\/pages\/450\/revisions"}],"predecessor-version":[{"id":651,"href":"https:\/\/gep-valence.fr\/index.php?rest_route=\/wp\/v2\/pages\/450\/revisions\/651"}],"wp:featuredmedia":[{"embeddable":true,"href":"https:\/\/gep-valence.fr\/index.php?rest_route=\/wp\/v2\/media\/395"}],"wp:attachment":[{"href":"https:\/\/gep-valence.fr\/index.php?rest_route=%2Fwp%2Fv2%2Fmedia&parent=450"}],"curies":[{"name":"wp","href":"https:\/\/api.w.org\/{rel}","templated":true}]}}